{"id":5298,"date":"2024-02-01T10:22:26","date_gmt":"2024-02-01T15:22:26","guid":{"rendered":"https:\/\/fes.hallco.org\/web\/?page_id=5298"},"modified":"2026-03-05T07:30:24","modified_gmt":"2026-03-05T12:30:24","slug":"advanced-scholars-program","status":"publish","type":"page","link":"https:\/\/fes.hallco.org\/web\/advanced-scholars-program\/","title":{"rendered":"Advanced Scholars Program"},"content":{"rendered":"\n<style type=\"text\/css\" data-created_by=\"avia_inline_auto\" id=\"style-css-av-k1htesc9-b94624c2c2ad4122834a50e5be1b97c8\">\n.avia-section.av-k1htesc9-b94624c2c2ad4122834a50e5be1b97c8{\nbackground-color:#007a5e;\nbackground-repeat:no-repeat;\nbackground-image:url(https:\/\/fes.hallco.org\/web\/wp-content\/uploads\/2019\/10\/FES-31-300x153.png), linear-gradient( to right, #007a5e, #ffffff );\nbackground-position:100% 100%;\nbackground-attachment:scroll;\n}\n<\/style>\n<div id='av_section_1'  class='avia-section av-k1htesc9-b94624c2c2ad4122834a50e5be1b97c8 main_color avia-section-default avia-no-border-styling  avia-builder-el-0  el_before_av_one_half  avia-builder-el-first  avia-bg-style-scroll container_wrap sidebar_right'  data-section-bg-repeat='no-repeat'><div class='container av-section-cont-open' ><main  role=\"main\" itemprop=\"mainContentOfPage\"  class='template-page content  av-content-small alpha units'><div class='post-entry post-entry-type-page post-entry-5298'><div class='entry-content-wrapper clearfix'>\n\n<style type=\"text\/css\" data-created_by=\"avia_inline_auto\" id=\"style-css-av-k1htgmsr-9e945c97512d3979e0428d9a4c214c07\">\n#top .av-special-heading.av-k1htgmsr-9e945c97512d3979e0428d9a4c214c07{\npadding-bottom:10px;\ncolor:#ffffff;\n}\nbody .av-special-heading.av-k1htgmsr-9e945c97512d3979e0428d9a4c214c07 .av-special-heading-tag .heading-char{\nfont-size:25px;\n}\n.av-special-heading.av-k1htgmsr-9e945c97512d3979e0428d9a4c214c07 .special-heading-inner-border{\nborder-color:#ffffff;\n}\n.av-special-heading.av-k1htgmsr-9e945c97512d3979e0428d9a4c214c07 .av-subheading{\nfont-size:15px;\n}\n<\/style>\n<div  class='av-special-heading av-k1htgmsr-9e945c97512d3979e0428d9a4c214c07 av-special-heading-h2 custom-color-heading blockquote modern-quote  avia-builder-el-1  avia-builder-el-no-sibling  av-linked-heading'><h2 class='av-special-heading-tag '  itemprop=\"headline\"  >Advanced Scholars\u2019 Program <\/h2><div class=\"special-heading-border\"><div class=\"special-heading-inner-border\"><\/div><\/div><\/div>\n<\/div><\/div><\/main><!-- close content main element --><\/div><\/div><div id='after_section_1'  class='main_color av_default_container_wrap container_wrap sidebar_right'  ><div class='container av-section-cont-open' ><div class='template-page content  av-content-small alpha units'><div class='post-entry post-entry-type-page post-entry-5298'><div class='entry-content-wrapper clearfix'>\n<div  class='flex_column av-3h4kky-d289e07f92eaaf3d8db1e81c6adf2883 av_one_half  avia-builder-el-2  el_after_av_section  el_before_av_one_half  avia-builder-el-first  first flex_column_div  '     ><p>\n<style type=\"text\/css\" data-created_by=\"avia_inline_auto\" id=\"style-css-av-ls3dcgt3-e59c30ca92cbfc846dc8a11d1d41a6ce\">\n#top .av-special-heading.av-ls3dcgt3-e59c30ca92cbfc846dc8a11d1d41a6ce{\npadding-bottom:10px;\n}\nbody .av-special-heading.av-ls3dcgt3-e59c30ca92cbfc846dc8a11d1d41a6ce .av-special-heading-tag .heading-char{\nfont-size:25px;\n}\n.av-special-heading.av-ls3dcgt3-e59c30ca92cbfc846dc8a11d1d41a6ce .av-subheading{\nfont-size:15px;\n}\n<\/style>\n<div  class='av-special-heading av-ls3dcgt3-e59c30ca92cbfc846dc8a11d1d41a6ce av-special-heading-h3  avia-builder-el-3  el_before_av_textblock  avia-builder-el-first '><h3 class='av-special-heading-tag '  itemprop=\"headline\"  >Welcome<\/h3><div class=\"special-heading-border\"><div class=\"special-heading-inner-border\"><\/div><\/div><\/div><br \/>\n<section  class='av_textblock_section av-ls3d8eh8-fd68f74afd2154c62a36bed489a42be7 '   itemscope=\"itemscope\" itemtype=\"https:\/\/schema.org\/CreativeWork\" ><div class='avia_textblock'  itemprop=\"text\" ><p>We are proud to announce that Friendship Elementary is now a Program of Choice for our Advanced Scholars\u2019 Program. Students who would like to be considered for the program will need to apply via the Advanced Scholars\u2019 Document provided below. Students who are currently in an ASP class will need to apply for next year as well. We are also providing some information about ASP in the power point attached. There will be an informational meeting on January 29th at 6:30 PM if you have additional questions. Please contact your child\u2019s teacher if you have any questions that are not answered at the parent meeting or if you cannot complete the application online and need a paper copy.\u00a0 Si usted necesita una solicitud en espa\u00f1ol, puede pedirla por correo electr\u00f3nico <a href=\"mailto:fesasp@hallco.org\">fesasp@hallco.org<\/a>\u00a0 o por profesor(a).<\/p>\n<p>Thank you!<\/p>\n<\/div><\/section><\/p><\/div>\n<div  class='flex_column av-33sw2a-64e6b57c25a5c27562deeb7e91ee0b72 av_one_half  avia-builder-el-5  el_after_av_one_half  el_before_av_two_third  flex_column_div  '     ><p>\n<style type=\"text\/css\" data-created_by=\"avia_inline_auto\" id=\"style-css-av-ls3dhy1f-83c0189a4cac3314066f8a864d5a8192\">\n#top .av-special-heading.av-ls3dhy1f-83c0189a4cac3314066f8a864d5a8192{\npadding-bottom:10px;\n}\nbody .av-special-heading.av-ls3dhy1f-83c0189a4cac3314066f8a864d5a8192 .av-special-heading-tag .heading-char{\nfont-size:25px;\n}\n.av-special-heading.av-ls3dhy1f-83c0189a4cac3314066f8a864d5a8192 .av-subheading{\nfont-size:15px;\n}\n<\/style>\n<div  class='av-special-heading av-ls3dhy1f-83c0189a4cac3314066f8a864d5a8192 av-special-heading-h3  avia-builder-el-6  el_before_av_textblock  avia-builder-el-first '><h3 class='av-special-heading-tag '  itemprop=\"headline\"  >Bienvenido<\/h3><div class=\"special-heading-border\"><div class=\"special-heading-inner-border\"><\/div><\/div><\/div><br \/>\n<section  class='av_textblock_section av-ls3di8av-eba667f02fc0c4277cd81674f4fc792d '   itemscope=\"itemscope\" itemtype=\"https:\/\/schema.org\/CreativeWork\" ><div class='avia_textblock'  itemprop=\"text\" ><p>El Programa Acad\u00e9mico Avanzado (ASP) en la Escuela Primaria de Friendship esta dise\u00f1ado para crear un programa acad\u00e9mico riguso, basado en la investigaci\u00f3n , un programa para facilitar el crecimiento de los pensadores creativos. Los salones de clase de ASP proveen un ambiente que animan a cada estudiante a mostrar sus propios talentos mientras aprenden a trabajar cooperativamente. Los salones de clases de ASP incorporan la educaci\u00f3n de caracter y las habilidades de liderazgo por medio del servicio de aprendizaje.<\/p>\n<\/div><\/section><\/p><\/div>\n<div  class='flex_column av-351h02-a3db86aea58fd1153fcd0373dfb496bf av_two_third  avia-builder-el-8  el_after_av_one_half  el_before_av_one_third  first flex_column_div  column-top-margin'     ><p>\n<style type=\"text\/css\" data-created_by=\"avia_inline_auto\" id=\"style-css-av-ls3dh0wl-df5fa3adb28ac17f64fca7a4520c70c0\">\n#top .av-special-heading.av-ls3dh0wl-df5fa3adb28ac17f64fca7a4520c70c0{\npadding-bottom:10px;\n}\nbody .av-special-heading.av-ls3dh0wl-df5fa3adb28ac17f64fca7a4520c70c0 .av-special-heading-tag .heading-char{\nfont-size:25px;\n}\n.av-special-heading.av-ls3dh0wl-df5fa3adb28ac17f64fca7a4520c70c0 .av-subheading{\nfont-size:15px;\n}\n<\/style>\n<div  class='av-special-heading av-ls3dh0wl-df5fa3adb28ac17f64fca7a4520c70c0 av-special-heading-h3  avia-builder-el-9  el_before_av_textblock  avia-builder-el-first '><h3 class='av-special-heading-tag '  itemprop=\"headline\"  >ASP Timeline<\/h3><div class=\"special-heading-border\"><div class=\"special-heading-inner-border\"><\/div><\/div><\/div><br \/>\n<section  class='av_textblock_section av-ls3d7p10-d583854beefef6caeeffed36efa76bb9 '   itemscope=\"itemscope\" itemtype=\"https:\/\/schema.org\/CreativeWork\" ><div class='avia_textblock'  itemprop=\"text\" ><p style=\"text-align: center;\"><b>January 29, 2026<\/b><br \/>\nASP Parent Informational Meeting 6:30 PM<br \/>\n<b>February 2, 2026<\/b><br \/>\nASP Applications Available for Parents Online (paper copies available upon request)<br \/>\n<b>March 4, 2026<\/b><br \/>\nASP Application Deadline<br \/>\n<b>March 27, 2026<\/b><br \/>\nParents will be Contacted about Acceptance<br \/>\n<b>Applications may be accepted after deadline if space remains.<\/b><br \/>\n<b>29 DE ENERO, 2026<br \/>\nREUNION INFORMATIVA PARA PADRES DE ASP 6:30 PM<br \/>\n2RO. DE FEBRERO, 2026<br \/>\nAPLICACIONES DE ASP DISPONIBLES PARA PADRES EN LINEA (COPIAS IMPRESAS DISPONIBLES A SOLICITUD)<br \/>\n4RO. DE MARZO, 2026<br \/>\nFECHA LIMITE PARA LAS SOLICITUDES DE ASP<br \/>\n27 DE MARZO, 2026<br \/>\nLOS PADRES SERAN CONTACTADOS SOBRE LA ACEPTACION<br \/>\nLAS APLICACIONES PUEDEN SER ACEPTADAS DESPUES DE LA FECHA LIMITE SI HAY ESPACIO.<\/b><\/p>\n<\/div><\/section><\/p><\/div>\n<div  class='flex_column av-2rc2nm-3d83b7e1e683c0c65b76d8a4c70177ac av_one_third  avia-builder-el-11  el_after_av_two_third  el_before_av_one_full  flex_column_div  column-top-margin'     ><p>\n<style type=\"text\/css\" data-created_by=\"avia_inline_auto\" id=\"style-css-av-ls3dcp7s-bba31d92d6eb6812987f19ac66aa29f7\">\n#top .av-special-heading.av-ls3dcp7s-bba31d92d6eb6812987f19ac66aa29f7{\npadding-bottom:10px;\n}\nbody .av-special-heading.av-ls3dcp7s-bba31d92d6eb6812987f19ac66aa29f7 .av-special-heading-tag .heading-char{\nfont-size:25px;\n}\n.av-special-heading.av-ls3dcp7s-bba31d92d6eb6812987f19ac66aa29f7 .av-subheading{\nfont-size:15px;\n}\n<\/style>\n<div  class='av-special-heading av-ls3dcp7s-bba31d92d6eb6812987f19ac66aa29f7 av-special-heading-h3  avia-builder-el-12  el_before_av_textblock  avia-builder-el-first '><h3 class='av-special-heading-tag '  itemprop=\"headline\"  >ASP Application Documents(Applications Open)<\/h3><div class=\"special-heading-border\"><div class=\"special-heading-inner-border\"><\/div><\/div><\/div><br \/>\n<section  class='av_textblock_section av-ls3d9lb5-338c759442570dcf2a5feb690b85dfb3 '   itemscope=\"itemscope\" itemtype=\"https:\/\/schema.org\/CreativeWork\" ><div class='avia_textblock'  itemprop=\"text\" ><ul>\n<li>Advanced Scholars Program Google Form (English)<\/li>\n<li>Advanced Scholars Google Form (Spanish)<\/li>\n<li><a href=\"https:\/\/docs.google.com\/document\/d\/1GjwDic8ZKORMI27YbxOOh3UQ2Vmdasbcvx33BkPZGyU\/edit?usp=sharing\">Advanced Scholar&#8217;s Paper Application to Print (English)<\/a><\/li>\n<li><a href=\"https:\/\/docs.google.com\/document\/d\/1i3Hk2mXwDRGcfP-gz-M3ByuaUyyZFrr6\/edit?usp=sharing&amp;ouid=103508829532166320769&amp;rtpof=true&amp;sd=true\">Advanced Scholar&#8217;s Paper Application to Print (Spanish)<\/a><\/li>\n<\/ul>\n<\/div><\/section><\/p><\/div><div  class='flex_column av-2mf8wy-ccbfe45f51687b0cc5df0a086fa23aab av_one_full  avia-builder-el-14  el_after_av_one_third  el_before_av_hr  first flex_column_div  column-top-margin'     ><section  class='av_textblock_section av-ls3dao0x-dd2a17c8bca3c56fe4df0811d37c20db '   itemscope=\"itemscope\" itemtype=\"https:\/\/schema.org\/CreativeWork\" ><div class='avia_textblock'  itemprop=\"text\" ><p><center><iframe loading=\"lazy\" src=\"https:\/\/docs.google.com\/presentation\/d\/e\/2PACX-1vRG4eZUAGiTrZm1kZOsVD7ULML1Nbt3c_X38A4kbk8NgtjpUrxAGjN7v76Gt5AY_9R1RHEqOoz_eJ0Q\/embed?start=true&amp;loop=true&amp;delayms=3000\" width=\"1100\" height=\"689\" frameborder=\"0\" allowfullscreen=\"allowfullscreen\"><\/iframe><\/center><\/p>\n<\/div><\/section><\/div><\/p>\n<div  class='hr av-2nybxu-9c9e226025d92aaa0e0647777ecbfa34 hr-default  avia-builder-el-16  el_after_av_one_full  el_before_av_gallery '><span class='hr-inner '><span class=\"hr-inner-style\"><\/span><\/span><\/div>\n\n<style type=\"text\/css\" data-created_by=\"avia_inline_auto\" id=\"style-css-av-ls3e19z8-c9178a5686a4bdca9936a85f1316db43\">\n#top .avia-gallery.av-ls3e19z8-c9178a5686a4bdca9936a85f1316db43 .avia-gallery-thumb a{\nwidth:25%;\n}\n<\/style>\n<div  class='avia-gallery av-ls3e19z8-c9178a5686a4bdca9936a85f1316db43 avia_animate_when_visible  avia-builder-el-17  el_after_av_hr  avia-builder-el-last  animations_off avia-gallery-1'  itemprop=\"image\" itemscope=\"itemscope\" itemtype=\"https:\/\/schema.org\/ImageObject\" ><meta itemprop=\"contentURL\" content=\"https:\/\/fes.hallco.org\/web\/advanced-scholars-program\/\"><div class='avia-gallery-thumb'><a href=\"https:\/\/fes.hallco.org\/web\/wp-content\/uploads\/2025\/06\/Nagel.jpg\" data-srcset=\"https:\/\/fes.hallco.org\/web\/wp-content\/uploads\/2025\/06\/Nagel.jpg 480w, https:\/\/fes.hallco.org\/web\/wp-content\/uploads\/2025\/06\/Nagel-240x300.jpg 240w\" data-sizes=\"(max-width: 480px) 100vw, 480px\" data-rel='gallery-1' data-prev-img='https:\/\/fes.hallco.org\/web\/wp-content\/uploads\/2025\/06\/Nagel-480x400.jpg' class='first_thumb lightbox ' data-onclick='1' title='Mrs. Nagel'  itemprop=\"thumbnailUrl\"  ><img decoding=\"async\" fetchpriority=\"high\" class=\"wp-image-5778 avia-img-lazy-loading-not-5778\"  data-avia-tooltip='Mrs. Nagel' src=\"https:\/\/fes.hallco.org\/web\/wp-content\/uploads\/2025\/06\/Nagel.jpg\" width=\"480\" height=\"600\"  title='Nagel' alt='' srcset=\"https:\/\/fes.hallco.org\/web\/wp-content\/uploads\/2025\/06\/Nagel.jpg 480w, https:\/\/fes.hallco.org\/web\/wp-content\/uploads\/2025\/06\/Nagel-240x300.jpg 240w\" sizes=\"(max-width: 480px) 100vw, 480px\" \/><div class='big-prev-fake'><img decoding=\"async\" loading=\"lazy\" class=\"wp-image-5778 avia-img-lazy-loading-5778\"  width=\"480\" height=\"400\" src=\"https:\/\/fes.hallco.org\/web\/wp-content\/uploads\/2025\/06\/Nagel-480x400.jpg\" title='Nagel' alt='' \/><\/div><\/a><a href=\"https:\/\/fes.hallco.org\/web\/wp-content\/uploads\/2025\/06\/Freeman.jpg\" data-srcset=\"https:\/\/fes.hallco.org\/web\/wp-content\/uploads\/2025\/06\/Freeman.jpg 480w, https:\/\/fes.hallco.org\/web\/wp-content\/uploads\/2025\/06\/Freeman-240x300.jpg 240w\" data-sizes=\"(max-width: 480px) 100vw, 480px\" data-rel='gallery-1' data-prev-img='https:\/\/fes.hallco.org\/web\/wp-content\/uploads\/2025\/06\/Freeman-480x400.jpg' class='lightbox ' data-onclick='2' title='Mrs. Freeman'  itemprop=\"thumbnailUrl\"  ><img decoding=\"async\" fetchpriority=\"high\" class=\"wp-image-5777 avia-img-lazy-loading-not-5777\"  data-avia-tooltip='Mrs. Freeman' src=\"https:\/\/fes.hallco.org\/web\/wp-content\/uploads\/2025\/06\/Freeman.jpg\" width=\"480\" height=\"600\"  title='Freeman' alt='' srcset=\"https:\/\/fes.hallco.org\/web\/wp-content\/uploads\/2025\/06\/Freeman.jpg 480w, https:\/\/fes.hallco.org\/web\/wp-content\/uploads\/2025\/06\/Freeman-240x300.jpg 240w\" sizes=\"(max-width: 480px) 100vw, 480px\" \/><div class='big-prev-fake'><img decoding=\"async\" loading=\"lazy\" class=\"wp-image-5777 avia-img-lazy-loading-5777\"  width=\"480\" height=\"400\" src=\"https:\/\/fes.hallco.org\/web\/wp-content\/uploads\/2025\/06\/Freeman-480x400.jpg\" title='Freeman' alt='' \/><\/div><\/a><a href=\"https:\/\/fes.hallco.org\/web\/wp-content\/uploads\/2024\/09\/Kemp.jpg\" data-srcset=\"https:\/\/fes.hallco.org\/web\/wp-content\/uploads\/2024\/09\/Kemp.jpg 480w, https:\/\/fes.hallco.org\/web\/wp-content\/uploads\/2024\/09\/Kemp-240x300.jpg 240w\" data-sizes=\"(max-width: 480px) 100vw, 480px\" data-rel='gallery-1' data-prev-img='https:\/\/fes.hallco.org\/web\/wp-content\/uploads\/2024\/09\/Kemp-480x400.jpg' class='lightbox ' data-onclick='3' title='Mrs. Quinn-Kemp'  itemprop=\"thumbnailUrl\"  ><img decoding=\"async\" fetchpriority=\"high\" class=\"wp-image-5553 avia-img-lazy-loading-not-5553\"  data-avia-tooltip='Mrs. Quinn-Kemp' src=\"https:\/\/fes.hallco.org\/web\/wp-content\/uploads\/2024\/09\/Kemp.jpg\" width=\"480\" height=\"600\"  title='Kemp' alt='' srcset=\"https:\/\/fes.hallco.org\/web\/wp-content\/uploads\/2024\/09\/Kemp.jpg 480w, https:\/\/fes.hallco.org\/web\/wp-content\/uploads\/2024\/09\/Kemp-240x300.jpg 240w\" sizes=\"(max-width: 480px) 100vw, 480px\" \/><div class='big-prev-fake'><img decoding=\"async\" loading=\"lazy\" class=\"wp-image-5553 avia-img-lazy-loading-5553\"  width=\"480\" height=\"400\" src=\"https:\/\/fes.hallco.org\/web\/wp-content\/uploads\/2024\/09\/Kemp-480x400.jpg\" title='Kemp' alt='' \/><\/div><\/a><a href=\"https:\/\/fes.hallco.org\/web\/wp-content\/uploads\/2025\/06\/Tipton.jpg\" data-srcset=\"https:\/\/fes.hallco.org\/web\/wp-content\/uploads\/2025\/06\/Tipton.jpg 480w, https:\/\/fes.hallco.org\/web\/wp-content\/uploads\/2025\/06\/Tipton-240x300.jpg 240w\" data-sizes=\"(max-width: 480px) 100vw, 480px\" data-rel='gallery-1' data-prev-img='https:\/\/fes.hallco.org\/web\/wp-content\/uploads\/2025\/06\/Tipton-480x400.jpg' class='lightbox ' data-onclick='4' title='Mrs. Tipton'  itemprop=\"thumbnailUrl\"  ><img decoding=\"async\" fetchpriority=\"high\" class=\"wp-image-5775 avia-img-lazy-loading-not-5775\"  data-avia-tooltip='Mrs. Tipton' src=\"https:\/\/fes.hallco.org\/web\/wp-content\/uploads\/2025\/06\/Tipton.jpg\" width=\"480\" height=\"600\"  title='Tipton' alt='' srcset=\"https:\/\/fes.hallco.org\/web\/wp-content\/uploads\/2025\/06\/Tipton.jpg 480w, https:\/\/fes.hallco.org\/web\/wp-content\/uploads\/2025\/06\/Tipton-240x300.jpg 240w\" sizes=\"(max-width: 480px) 100vw, 480px\" \/><div class='big-prev-fake'><img decoding=\"async\" loading=\"lazy\" class=\"wp-image-5775 avia-img-lazy-loading-5775\"  width=\"480\" height=\"400\" src=\"https:\/\/fes.hallco.org\/web\/wp-content\/uploads\/2025\/06\/Tipton-480x400.jpg\" title='Tipton' alt='' \/><\/div><\/a><a href=\"https:\/\/fes.hallco.org\/web\/wp-content\/uploads\/2025\/06\/Sanchez.jpg\" data-srcset=\"https:\/\/fes.hallco.org\/web\/wp-content\/uploads\/2025\/06\/Sanchez.jpg 480w, https:\/\/fes.hallco.org\/web\/wp-content\/uploads\/2025\/06\/Sanchez-240x300.jpg 240w\" data-sizes=\"(max-width: 480px) 100vw, 480px\" data-rel='gallery-1' data-prev-img='https:\/\/fes.hallco.org\/web\/wp-content\/uploads\/2025\/06\/Sanchez-480x400.jpg' class='first_thumb lightbox ' data-onclick='5' title='Mrs. Sanchez'  itemprop=\"thumbnailUrl\"  ><img decoding=\"async\" fetchpriority=\"high\" class=\"wp-image-5768 avia-img-lazy-loading-not-5768\"  data-avia-tooltip='Mrs. Sanchez' src=\"https:\/\/fes.hallco.org\/web\/wp-content\/uploads\/2025\/06\/Sanchez.jpg\" width=\"480\" height=\"600\"  title='Sanchez' alt='' srcset=\"https:\/\/fes.hallco.org\/web\/wp-content\/uploads\/2025\/06\/Sanchez.jpg 480w, https:\/\/fes.hallco.org\/web\/wp-content\/uploads\/2025\/06\/Sanchez-240x300.jpg 240w\" sizes=\"(max-width: 480px) 100vw, 480px\" \/><div class='big-prev-fake'><img decoding=\"async\" loading=\"lazy\" class=\"wp-image-5768 avia-img-lazy-loading-5768\"  width=\"480\" height=\"400\" src=\"https:\/\/fes.hallco.org\/web\/wp-content\/uploads\/2025\/06\/Sanchez-480x400.jpg\" title='Sanchez' alt='' \/><\/div><\/a><a href=\"https:\/\/fes.hallco.org\/web\/wp-content\/uploads\/2025\/06\/Sheridan.jpg\" data-srcset=\"https:\/\/fes.hallco.org\/web\/wp-content\/uploads\/2025\/06\/Sheridan.jpg 480w, https:\/\/fes.hallco.org\/web\/wp-content\/uploads\/2025\/06\/Sheridan-240x300.jpg 240w\" data-sizes=\"(max-width: 480px) 100vw, 480px\" data-rel='gallery-1' data-prev-img='https:\/\/fes.hallco.org\/web\/wp-content\/uploads\/2025\/06\/Sheridan-480x400.jpg' class='lightbox ' data-onclick='6' title='Mrs. Sheridan'  itemprop=\"thumbnailUrl\"  ><img decoding=\"async\" fetchpriority=\"high\" class=\"wp-image-5776 avia-img-lazy-loading-not-5776\"  data-avia-tooltip='Mrs. Sheridan' src=\"https:\/\/fes.hallco.org\/web\/wp-content\/uploads\/2025\/06\/Sheridan.jpg\" width=\"480\" height=\"600\"  title='Sheridan' alt='' srcset=\"https:\/\/fes.hallco.org\/web\/wp-content\/uploads\/2025\/06\/Sheridan.jpg 480w, https:\/\/fes.hallco.org\/web\/wp-content\/uploads\/2025\/06\/Sheridan-240x300.jpg 240w\" sizes=\"(max-width: 480px) 100vw, 480px\" \/><div class='big-prev-fake'><img decoding=\"async\" loading=\"lazy\" class=\"wp-image-5776 avia-img-lazy-loading-5776\"  width=\"480\" height=\"400\" src=\"https:\/\/fes.hallco.org\/web\/wp-content\/uploads\/2025\/06\/Sheridan-480x400.jpg\" title='Sheridan' alt='' \/><\/div><\/a><a href=\"https:\/\/fes.hallco.org\/web\/wp-content\/uploads\/2025\/06\/Merck.jpg\" data-srcset=\"https:\/\/fes.hallco.org\/web\/wp-content\/uploads\/2025\/06\/Merck.jpg 480w, https:\/\/fes.hallco.org\/web\/wp-content\/uploads\/2025\/06\/Merck-240x300.jpg 240w\" data-sizes=\"(max-width: 480px) 100vw, 480px\" data-rel='gallery-1' data-prev-img='https:\/\/fes.hallco.org\/web\/wp-content\/uploads\/2025\/06\/Merck-480x400.jpg' class='lightbox ' data-onclick='7' title='Mrs. Merck'  itemprop=\"thumbnailUrl\"  ><img decoding=\"async\" fetchpriority=\"high\" class=\"wp-image-5779 avia-img-lazy-loading-not-5779\"  data-avia-tooltip='Mrs. Merck' src=\"https:\/\/fes.hallco.org\/web\/wp-content\/uploads\/2025\/06\/Merck.jpg\" width=\"480\" height=\"600\"  title='Merck' alt='' srcset=\"https:\/\/fes.hallco.org\/web\/wp-content\/uploads\/2025\/06\/Merck.jpg 480w, https:\/\/fes.hallco.org\/web\/wp-content\/uploads\/2025\/06\/Merck-240x300.jpg 240w\" sizes=\"(max-width: 480px) 100vw, 480px\" \/><div class='big-prev-fake'><img decoding=\"async\" loading=\"lazy\" class=\"wp-image-5779 avia-img-lazy-loading-5779\"  width=\"480\" height=\"400\" src=\"https:\/\/fes.hallco.org\/web\/wp-content\/uploads\/2025\/06\/Merck-480x400.jpg\" title='Merck' alt='' \/><\/div><\/a><a href=\"https:\/\/fes.hallco.org\/web\/wp-content\/uploads\/2022\/08\/HillNicole50.jpg\" data-srcset=\"https:\/\/fes.hallco.org\/web\/wp-content\/uploads\/2022\/08\/HillNicole50.jpg 480w, https:\/\/fes.hallco.org\/web\/wp-content\/uploads\/2022\/08\/HillNicole50-240x300.jpg 240w\" data-sizes=\"(max-width: 480px) 100vw, 480px\" data-rel='gallery-1' data-prev-img='https:\/\/fes.hallco.org\/web\/wp-content\/uploads\/2022\/08\/HillNicole50-480x400.jpg' class='lightbox ' data-onclick='8' title='Mrs. Hill'  itemprop=\"thumbnailUrl\"  ><img decoding=\"async\" fetchpriority=\"high\" class=\"wp-image-4625 avia-img-lazy-loading-not-4625\"  data-avia-tooltip='Mrs. Hill' src=\"https:\/\/fes.hallco.org\/web\/wp-content\/uploads\/2022\/08\/HillNicole50.jpg\" width=\"480\" height=\"600\"  title='HillNicole50' alt='' srcset=\"https:\/\/fes.hallco.org\/web\/wp-content\/uploads\/2022\/08\/HillNicole50.jpg 480w, https:\/\/fes.hallco.org\/web\/wp-content\/uploads\/2022\/08\/HillNicole50-240x300.jpg 240w\" sizes=\"(max-width: 480px) 100vw, 480px\" \/><div class='big-prev-fake'><img decoding=\"async\" loading=\"lazy\" class=\"wp-image-4625 avia-img-lazy-loading-4625\"  width=\"480\" height=\"400\" src=\"https:\/\/fes.hallco.org\/web\/wp-content\/uploads\/2022\/08\/HillNicole50-480x400.jpg\" title='HillNicole50' alt='' \/><\/div><\/a><a href=\"https:\/\/fes.hallco.org\/web\/wp-content\/uploads\/2021\/02\/Giles.jpg\" data-srcset=\"https:\/\/fes.hallco.org\/web\/wp-content\/uploads\/2021\/02\/Giles.jpg 1000w, https:\/\/fes.hallco.org\/web\/wp-content\/uploads\/2021\/02\/Giles-300x300.jpg 300w, https:\/\/fes.hallco.org\/web\/wp-content\/uploads\/2021\/02\/Giles-80x80.jpg 80w, https:\/\/fes.hallco.org\/web\/wp-content\/uploads\/2021\/02\/Giles-768x768.jpg 768w, https:\/\/fes.hallco.org\/web\/wp-content\/uploads\/2021\/02\/Giles-36x36.jpg 36w, https:\/\/fes.hallco.org\/web\/wp-content\/uploads\/2021\/02\/Giles-180x180.jpg 180w, https:\/\/fes.hallco.org\/web\/wp-content\/uploads\/2021\/02\/Giles-705x705.jpg 705w\" data-sizes=\"(max-width: 1000px) 100vw, 1000px\" data-rel='gallery-1' data-prev-img='https:\/\/fes.hallco.org\/web\/wp-content\/uploads\/2021\/02\/Giles-495x400.jpg' class='first_thumb lightbox ' data-onclick='9' title='Mrs. Giles (SEARCH)'  itemprop=\"thumbnailUrl\"  ><img decoding=\"async\" fetchpriority=\"high\" class=\"wp-image-4106 avia-img-lazy-loading-not-4106\"  data-avia-tooltip='Mrs. Giles (SEARCH)' src=\"https:\/\/fes.hallco.org\/web\/wp-content\/uploads\/2021\/02\/Giles.jpg\" width=\"1000\" height=\"1000\"  title='Giles' alt='' srcset=\"https:\/\/fes.hallco.org\/web\/wp-content\/uploads\/2021\/02\/Giles.jpg 1000w, https:\/\/fes.hallco.org\/web\/wp-content\/uploads\/2021\/02\/Giles-300x300.jpg 300w, https:\/\/fes.hallco.org\/web\/wp-content\/uploads\/2021\/02\/Giles-80x80.jpg 80w, https:\/\/fes.hallco.org\/web\/wp-content\/uploads\/2021\/02\/Giles-768x768.jpg 768w, https:\/\/fes.hallco.org\/web\/wp-content\/uploads\/2021\/02\/Giles-36x36.jpg 36w, https:\/\/fes.hallco.org\/web\/wp-content\/uploads\/2021\/02\/Giles-180x180.jpg 180w, https:\/\/fes.hallco.org\/web\/wp-content\/uploads\/2021\/02\/Giles-705x705.jpg 705w\" sizes=\"(max-width: 1000px) 100vw, 1000px\" \/><div class='big-prev-fake'><img decoding=\"async\" loading=\"lazy\" class=\"wp-image-4106 avia-img-lazy-loading-4106\"  width=\"495\" height=\"400\" src=\"https:\/\/fes.hallco.org\/web\/wp-content\/uploads\/2021\/02\/Giles-495x400.jpg\" title='Giles' alt='' srcset=\"https:\/\/fes.hallco.org\/web\/wp-content\/uploads\/2021\/02\/Giles-495x400.jpg 495w, https:\/\/fes.hallco.org\/web\/wp-content\/uploads\/2021\/02\/Giles-845x684.jpg 845w\" sizes=\"auto, (max-width: 495px) 100vw, 495px\" \/><\/div><\/a><\/div><\/div>\n","protected":false},"excerpt":{"rendered":"","protected":false},"author":6,"featured_media":0,"parent":0,"menu_order":0,"comment_status":"closed","ping_status":"closed","template":"","meta":{"_monsterinsights_skip_tracking":false,"_monsterinsights_sitenote_active":false,"_monsterinsights_sitenote_note":"","_monsterinsights_sitenote_category":0,"footnotes":""},"class_list":["post-5298","page","type-page","status-publish","hentry"],"_links":{"self":[{"href":"https:\/\/fes.hallco.org\/web\/wp-json\/wp\/v2\/pages\/5298","targetHints":{"allow":["GET"]}}],"collection":[{"href":"https:\/\/fes.hallco.org\/web\/wp-json\/wp\/v2\/pages"}],"about":[{"href":"https:\/\/fes.hallco.org\/web\/wp-json\/wp\/v2\/types\/page"}],"author":[{"embeddable":true,"href":"https:\/\/fes.hallco.org\/web\/wp-json\/wp\/v2\/users\/6"}],"replies":[{"embeddable":true,"href":"https:\/\/fes.hallco.org\/web\/wp-json\/wp\/v2\/comments?post=5298"}],"version-history":[{"count":5,"href":"https:\/\/fes.hallco.org\/web\/wp-json\/wp\/v2\/pages\/5298\/revisions"}],"predecessor-version":[{"id":6001,"href":"https:\/\/fes.hallco.org\/web\/wp-json\/wp\/v2\/pages\/5298\/revisions\/6001"}],"wp:attachment":[{"href":"https:\/\/fes.hallco.org\/web\/wp-json\/wp\/v2\/media?parent=5298"}],"curies":[{"name":"wp","href":"https:\/\/api.w.org\/{rel}","templated":true}]}}